{"id":1156,"date":"2022-01-26T19:55:37","date_gmt":"2022-01-27T00:55:37","guid":{"rendered":"https:\/\/untuna.pe\/?post_type=product&#038;p=1156"},"modified":"2026-02-27T12:57:44","modified_gmt":"2026-02-27T17:57:44","slug":"matematica-5-primaria-cuaderno-de-actividades-genios","status":"publish","type":"product","link":"https:\/\/untuna.pe\/?product=matematica-5-primaria-cuaderno-de-actividades-genios","title":{"rendered":"matem\u00e1tica 5 primaria cuaderno de actividades Genios"},"content":{"rendered":"<p><span style=\"font-weight: 400;\">Cuaderno de actividades que promueve el aprendizaje aut\u00f3nomo, el fortalecimiento de capacidades matem\u00e1ticas y el uso de lo aprendido en la vida cotidiana a trav\u00e9s de fichas l\u00fadicas, propuestas de problemas, c\u00e1lculos matem\u00e1ticos, historias y talleres de matem\u00e1tica.<\/span><\/p>\n","protected":false},"excerpt":{"rendered":"<p>Cuaderno de actividades que promueve el aprendizaje aut\u00f3nomo, el fortalecimiento de capacidades matem\u00e1ticas y el uso de lo aprendido en la vida cotidiana a trav\u00e9s de fichas l\u00fadicas, propuestas de problemas, c\u00e1lculos matem\u00e1ticos, historias y talleres de matem\u00e1tica.<\/p>\n","protected":false},"featured_media":2770,"template":"","meta":[],"product_brand":[],"product_cat":[249],"product_tag":[],"class_list":{"0":"post-1156","1":"product","2":"type-product","3":"status-publish","4":"has-post-thumbnail","6":"product_cat-primaria","8":"first","9":"outofstock","10":"taxable","11":"shipping-taxable","12":"purchasable","13":"product-type-simple"},"_links":{"self":[{"href":"https:\/\/untuna.pe\/index.php?rest_route=\/wp\/v2\/product\/1156","targetHints":{"allow":["GET"]}}],"collection":[{"href":"https:\/\/untuna.pe\/index.php?rest_route=\/wp\/v2\/product"}],"about":[{"href":"https:\/\/untuna.pe\/index.php?rest_route=\/wp\/v2\/types\/product"}],"wp:featuredmedia":[{"embeddable":true,"href":"https:\/\/untuna.pe\/index.php?rest_route=\/wp\/v2\/media\/2770"}],"wp:attachment":[{"href":"https:\/\/untuna.pe\/index.php?rest_route=%2Fwp%2Fv2%2Fmedia&parent=1156"}],"wp:term":[{"taxonomy":"product_brand","embeddable":true,"href":"https:\/\/untuna.pe\/index.php?rest_route=%2Fwp%2Fv2%2Fproduct_brand&post=1156"},{"taxonomy":"product_cat","embeddable":true,"href":"https:\/\/untuna.pe\/index.php?rest_route=%2Fwp%2Fv2%2Fproduct_cat&post=1156"},{"taxonomy":"product_tag","embeddable":true,"href":"https:\/\/untuna.pe\/index.php?rest_route=%2Fwp%2Fv2%2Fproduct_tag&post=1156"}],"curies":[{"name":"wp","href":"https:\/\/api.w.org\/{rel}","templated":true}]}}