{"id":1139,"date":"2022-01-26T19:47:22","date_gmt":"2022-01-27T00:47:22","guid":{"rendered":"https:\/\/untuna.pe\/?post_type=product&#038;p=1139"},"modified":"2026-02-18T08:41:41","modified_gmt":"2026-02-18T13:41:41","slug":"comunicacion-1-primaria-cuaderno-de-actividades-conecta","status":"publish","type":"product","link":"https:\/\/untuna.pe\/?product=comunicacion-1-primaria-cuaderno-de-actividades-conecta","title":{"rendered":"Comunicaci\u00f3n 1 primaria: cuaderno de actividades Conecta"},"content":{"rendered":"<p><span style=\"font-weight: 400;\">Elaborado en el marco del nuevo Curr\u00edculo Nacional y el enfoque comunicativo, con el fin de desarrollar y potenciar las competencias comunicativas en los estudiantes. Contiene ejercicios de autoaprendizaje: ejercicios de aplicaci\u00f3n con refuerzo l\u00fadico, lecturas variadas, metodolog\u00eda activa, uso de situaciones comunicativas diversas; todas ellas de acuerdo al c<\/span><span style=\"font-weight: 400;\">ontenido te\u00f3rico del texto.<\/span><\/p>\n","protected":false},"excerpt":{"rendered":"<p>Elaborado en el marco del nuevo Curr\u00edculo Nacional y el enfoque comunicativo, con el fin de desarrollar y potenciar las competencias comunicativas en los estudiantes. Contiene ejercicios de autoaprendizaje: ejercicios de aplicaci\u00f3n con refuerzo l\u00fadico, lecturas variadas, metodolog\u00eda activa, uso de situaciones comunicativas diversas; todas ellas de acuerdo al contenido te\u00f3rico del texto.<\/p>\n","protected":false},"featured_media":2784,"template":"","meta":[],"product_brand":[],"product_cat":[249],"product_tag":[],"class_list":{"0":"post-1139","1":"product","2":"type-product","3":"status-publish","4":"has-post-thumbnail","6":"product_cat-primaria","8":"first","9":"instock","10":"taxable","11":"shipping-taxable","12":"purchasable","13":"product-type-simple"},"_links":{"self":[{"href":"https:\/\/untuna.pe\/index.php?rest_route=\/wp\/v2\/product\/1139","targetHints":{"allow":["GET"]}}],"collection":[{"href":"https:\/\/untuna.pe\/index.php?rest_route=\/wp\/v2\/product"}],"about":[{"href":"https:\/\/untuna.pe\/index.php?rest_route=\/wp\/v2\/types\/product"}],"wp:featuredmedia":[{"embeddable":true,"href":"https:\/\/untuna.pe\/index.php?rest_route=\/wp\/v2\/media\/2784"}],"wp:attachment":[{"href":"https:\/\/untuna.pe\/index.php?rest_route=%2Fwp%2Fv2%2Fmedia&parent=1139"}],"wp:term":[{"taxonomy":"product_brand","embeddable":true,"href":"https:\/\/untuna.pe\/index.php?rest_route=%2Fwp%2Fv2%2Fproduct_brand&post=1139"},{"taxonomy":"product_cat","embeddable":true,"href":"https:\/\/untuna.pe\/index.php?rest_route=%2Fwp%2Fv2%2Fproduct_cat&post=1139"},{"taxonomy":"product_tag","embeddable":true,"href":"https:\/\/untuna.pe\/index.php?rest_route=%2Fwp%2Fv2%2Fproduct_tag&post=1139"}],"curies":[{"name":"wp","href":"https:\/\/api.w.org\/{rel}","templated":true}]}}