{"id":1129,"date":"2022-01-26T19:41:49","date_gmt":"2022-01-27T00:41:49","guid":{"rendered":"https:\/\/untuna.pe\/?post_type=product&#038;p=1129"},"modified":"2026-02-18T08:41:54","modified_gmt":"2026-02-18T13:41:54","slug":"canticuentos-la-vaca-lina","status":"publish","type":"product","link":"https:\/\/untuna.pe\/?product=canticuentos-la-vaca-lina","title":{"rendered":"Canticuentos La vaca Lina"},"content":{"rendered":"<p><span style=\"font-weight: 400;\">Un d\u00eda, Lina, una linda vaquita, escuch\u00f3<\/span> llorar a una ovejita que se encontraba triste porque su mamita ya no estaba con ella. Lina le aconsej\u00f3 que deb\u00eda aprender a realizar sola sus cosas porque ya era grande.<\/p>\n","protected":false},"excerpt":{"rendered":"<p>Un d\u00eda, Lina, una linda vaquita, escuch\u00f3 llorar a una ovejita que se encontraba triste porque su mamita ya no estaba con ella. Lina le aconsej\u00f3 que deb\u00eda aprender a realizar sola sus cosas porque ya era grande.<\/p>\n","protected":false},"featured_media":2817,"template":"","meta":[],"product_brand":[],"product_cat":[266],"product_tag":[],"class_list":{"0":"post-1129","1":"product","2":"type-product","3":"status-publish","4":"has-post-thumbnail","6":"product_cat-canticuentos","8":"first","9":"instock","10":"taxable","11":"shipping-taxable","12":"purchasable","13":"product-type-simple"},"_links":{"self":[{"href":"https:\/\/untuna.pe\/index.php?rest_route=\/wp\/v2\/product\/1129","targetHints":{"allow":["GET"]}}],"collection":[{"href":"https:\/\/untuna.pe\/index.php?rest_route=\/wp\/v2\/product"}],"about":[{"href":"https:\/\/untuna.pe\/index.php?rest_route=\/wp\/v2\/types\/product"}],"wp:featuredmedia":[{"embeddable":true,"href":"https:\/\/untuna.pe\/index.php?rest_route=\/wp\/v2\/media\/2817"}],"wp:attachment":[{"href":"https:\/\/untuna.pe\/index.php?rest_route=%2Fwp%2Fv2%2Fmedia&parent=1129"}],"wp:term":[{"taxonomy":"product_brand","embeddable":true,"href":"https:\/\/untuna.pe\/index.php?rest_route=%2Fwp%2Fv2%2Fproduct_brand&post=1129"},{"taxonomy":"product_cat","embeddable":true,"href":"https:\/\/untuna.pe\/index.php?rest_route=%2Fwp%2Fv2%2Fproduct_cat&post=1129"},{"taxonomy":"product_tag","embeddable":true,"href":"https:\/\/untuna.pe\/index.php?rest_route=%2Fwp%2Fv2%2Fproduct_tag&post=1129"}],"curies":[{"name":"wp","href":"https:\/\/api.w.org\/{rel}","templated":true}]}}