{"id":1128,"date":"2022-01-26T19:41:43","date_gmt":"2022-01-27T00:41:43","guid":{"rendered":"https:\/\/untuna.pe\/?post_type=product&#038;p=1128"},"modified":"2026-02-18T08:42:05","modified_gmt":"2026-02-18T13:42:05","slug":"canticuentos-la-gallina-distraida","status":"publish","type":"product","link":"https:\/\/untuna.pe\/?product=canticuentos-la-gallina-distraida","title":{"rendered":"Canticuentos La Gallina Distra\u00edda"},"content":{"rendered":"<p><span style=\"font-weight: 400;\">Cierto d\u00eda en una granja se gener\u00f3 un gran alboroto. Una gallina no recordaba d\u00f3nde hab\u00eda colocado sus huevos. Pero gracias a la ayuda de sus amigos logr\u00f3 encontrarlos, aunque ya hab\u00edan nacido. Finalmente, la gallina prometi\u00f3 no ser tan distra\u00edda.<\/span><\/p>\n","protected":false},"excerpt":{"rendered":"<p>Cierto d\u00eda en una granja se gener\u00f3 un gran alboroto. Una gallina no recordaba d\u00f3nde hab\u00eda colocado sus huevos. Pero gracias a la ayuda de sus amigos logr\u00f3 encontrarlos, aunque ya hab\u00edan nacido. Finalmente, la gallina prometi\u00f3 no ser tan distra\u00edda.<\/p>\n","protected":false},"featured_media":2810,"template":"","meta":[],"product_brand":[],"product_cat":[266],"product_tag":[],"class_list":{"0":"post-1128","1":"product","2":"type-product","3":"status-publish","4":"has-post-thumbnail","6":"product_cat-canticuentos","8":"first","9":"instock","10":"taxable","11":"shipping-taxable","12":"purchasable","13":"product-type-simple"},"_links":{"self":[{"href":"https:\/\/untuna.pe\/index.php?rest_route=\/wp\/v2\/product\/1128","targetHints":{"allow":["GET"]}}],"collection":[{"href":"https:\/\/untuna.pe\/index.php?rest_route=\/wp\/v2\/product"}],"about":[{"href":"https:\/\/untuna.pe\/index.php?rest_route=\/wp\/v2\/types\/product"}],"wp:featuredmedia":[{"embeddable":true,"href":"https:\/\/untuna.pe\/index.php?rest_route=\/wp\/v2\/media\/2810"}],"wp:attachment":[{"href":"https:\/\/untuna.pe\/index.php?rest_route=%2Fwp%2Fv2%2Fmedia&parent=1128"}],"wp:term":[{"taxonomy":"product_brand","embeddable":true,"href":"https:\/\/untuna.pe\/index.php?rest_route=%2Fwp%2Fv2%2Fproduct_brand&post=1128"},{"taxonomy":"product_cat","embeddable":true,"href":"https:\/\/untuna.pe\/index.php?rest_route=%2Fwp%2Fv2%2Fproduct_cat&post=1128"},{"taxonomy":"product_tag","embeddable":true,"href":"https:\/\/untuna.pe\/index.php?rest_route=%2Fwp%2Fv2%2Fproduct_tag&post=1128"}],"curies":[{"name":"wp","href":"https:\/\/api.w.org\/{rel}","templated":true}]}}