{"id":1127,"date":"2022-01-26T19:41:39","date_gmt":"2022-01-27T00:41:39","guid":{"rendered":"https:\/\/untuna.pe\/?post_type=product&#038;p=1127"},"modified":"2026-02-18T08:42:11","modified_gmt":"2026-02-18T13:42:11","slug":"canticuentos-las-escondidas","status":"publish","type":"product","link":"https:\/\/untuna.pe\/?product=canticuentos-las-escondidas","title":{"rendered":"Canticuentos Las Escondidas"},"content":{"rendered":"<p><span style=\"font-weight: 400;\">Cierto d\u00eda, el mono, la tortuga y el tuc\u00e1n jugaban a las escondidas. El loro, que no quer\u00eda jugar, los fastidiaba diciendo d\u00f3nde se escond\u00edan los amigos. Finalmente, el loro pidi\u00f3 disculpas y prometi\u00f3 no volver a fastidiarlos.<\/span><\/p>\n","protected":false},"excerpt":{"rendered":"<p>Cierto d\u00eda, el mono, la tortuga y el tuc\u00e1n jugaban a las escondidas. El loro, que no quer\u00eda jugar, los fastidiaba diciendo d\u00f3nde se escond\u00edan los amigos. Finalmente, el loro pidi\u00f3 disculpas y prometi\u00f3 no volver a fastidiarlos.<\/p>\n","protected":false},"featured_media":2812,"template":"","meta":[],"product_brand":[],"product_cat":[266],"product_tag":[],"class_list":{"0":"post-1127","1":"product","2":"type-product","3":"status-publish","4":"has-post-thumbnail","6":"product_cat-canticuentos","8":"first","9":"instock","10":"taxable","11":"shipping-taxable","12":"purchasable","13":"product-type-simple"},"_links":{"self":[{"href":"https:\/\/untuna.pe\/index.php?rest_route=\/wp\/v2\/product\/1127","targetHints":{"allow":["GET"]}}],"collection":[{"href":"https:\/\/untuna.pe\/index.php?rest_route=\/wp\/v2\/product"}],"about":[{"href":"https:\/\/untuna.pe\/index.php?rest_route=\/wp\/v2\/types\/product"}],"wp:featuredmedia":[{"embeddable":true,"href":"https:\/\/untuna.pe\/index.php?rest_route=\/wp\/v2\/media\/2812"}],"wp:attachment":[{"href":"https:\/\/untuna.pe\/index.php?rest_route=%2Fwp%2Fv2%2Fmedia&parent=1127"}],"wp:term":[{"taxonomy":"product_brand","embeddable":true,"href":"https:\/\/untuna.pe\/index.php?rest_route=%2Fwp%2Fv2%2Fproduct_brand&post=1127"},{"taxonomy":"product_cat","embeddable":true,"href":"https:\/\/untuna.pe\/index.php?rest_route=%2Fwp%2Fv2%2Fproduct_cat&post=1127"},{"taxonomy":"product_tag","embeddable":true,"href":"https:\/\/untuna.pe\/index.php?rest_route=%2Fwp%2Fv2%2Fproduct_tag&post=1127"}],"curies":[{"name":"wp","href":"https:\/\/api.w.org\/{rel}","templated":true}]}}