{"id":1126,"date":"2022-01-26T19:41:34","date_gmt":"2022-01-27T00:41:34","guid":{"rendered":"https:\/\/untuna.pe\/?post_type=product&#038;p=1126"},"modified":"2026-02-18T08:42:24","modified_gmt":"2026-02-18T13:42:24","slug":"canticuentos-la-mona-monina","status":"publish","type":"product","link":"https:\/\/untuna.pe\/?product=canticuentos-la-mona-monina","title":{"rendered":"Canticuentos La Mona Monina"},"content":{"rendered":"<p>Monina era una mona que no respetaba a sus amigos, siempre andaba empujando a los dem\u00e1s y no se disculpaba. Luego de una fiesta, a la que fue invitada, aprendi\u00f3 a respetar a los dem\u00e1s.<\/p>\n","protected":false},"excerpt":{"rendered":"<p>Monina era una mona que no respetaba a sus amigos, siempre andaba empujando a los dem\u00e1s y no se disculpaba. Luego de una fiesta, a la que fue invitada, aprendi\u00f3 a respetar a los dem\u00e1s.<\/p>\n","protected":false},"featured_media":2811,"template":"","meta":[],"product_brand":[],"product_cat":[266],"product_tag":[],"class_list":{"0":"post-1126","1":"product","2":"type-product","3":"status-publish","4":"has-post-thumbnail","6":"product_cat-canticuentos","8":"first","9":"instock","10":"taxable","11":"shipping-taxable","12":"purchasable","13":"product-type-simple"},"_links":{"self":[{"href":"https:\/\/untuna.pe\/index.php?rest_route=\/wp\/v2\/product\/1126","targetHints":{"allow":["GET"]}}],"collection":[{"href":"https:\/\/untuna.pe\/index.php?rest_route=\/wp\/v2\/product"}],"about":[{"href":"https:\/\/untuna.pe\/index.php?rest_route=\/wp\/v2\/types\/product"}],"wp:featuredmedia":[{"embeddable":true,"href":"https:\/\/untuna.pe\/index.php?rest_route=\/wp\/v2\/media\/2811"}],"wp:attachment":[{"href":"https:\/\/untuna.pe\/index.php?rest_route=%2Fwp%2Fv2%2Fmedia&parent=1126"}],"wp:term":[{"taxonomy":"product_brand","embeddable":true,"href":"https:\/\/untuna.pe\/index.php?rest_route=%2Fwp%2Fv2%2Fproduct_brand&post=1126"},{"taxonomy":"product_cat","embeddable":true,"href":"https:\/\/untuna.pe\/index.php?rest_route=%2Fwp%2Fv2%2Fproduct_cat&post=1126"},{"taxonomy":"product_tag","embeddable":true,"href":"https:\/\/untuna.pe\/index.php?rest_route=%2Fwp%2Fv2%2Fproduct_tag&post=1126"}],"curies":[{"name":"wp","href":"https:\/\/api.w.org\/{rel}","templated":true}]}}