{"id":1125,"date":"2022-01-26T19:41:28","date_gmt":"2022-01-27T00:41:28","guid":{"rendered":"https:\/\/untuna.pe\/?post_type=product&#038;p=1125"},"modified":"2026-02-18T08:42:29","modified_gmt":"2026-02-18T13:42:29","slug":"canticuentos-somos-valientes","status":"publish","type":"product","link":"https:\/\/untuna.pe\/?product=canticuentos-somos-valientes","title":{"rendered":"Canticuentos Somos Valientes"},"content":{"rendered":"<p><span style=\"font-weight: 400;\">Un d\u00eda, el pulpo, el cangrejo y el caballito de mar fueron a investigar lo que hab\u00eda dentro de una cueva oscura, a pesar de que ten\u00edan temor.\u00a0 Al llegar a la cueva, se dieron cuenta de que no hab\u00eda nada tenebroso, solo eran unas algas que se mov\u00edan originando formas extra\u00f1as. Finalmente, descubrieron que no deb\u00edan tener miedo.<\/span><\/p>\n","protected":false},"excerpt":{"rendered":"<p>Un d\u00eda, el pulpo, el cangrejo y el caballito de mar fueron a investigar lo que hab\u00eda dentro de una cueva oscura, a pesar de que ten\u00edan temor.\u00a0 Al llegar a la cueva, se dieron cuenta de que no hab\u00eda nada tenebroso, solo eran unas algas que se mov\u00edan originando formas extra\u00f1as. Finalmente, descubrieron que [&hellip;]<\/p>\n","protected":false},"featured_media":2815,"template":"","meta":[],"product_brand":[],"product_cat":[266],"product_tag":[],"class_list":{"0":"post-1125","1":"product","2":"type-product","3":"status-publish","4":"has-post-thumbnail","6":"product_cat-canticuentos","8":"first","9":"instock","10":"taxable","11":"shipping-taxable","12":"purchasable","13":"product-type-simple"},"_links":{"self":[{"href":"https:\/\/untuna.pe\/index.php?rest_route=\/wp\/v2\/product\/1125","targetHints":{"allow":["GET"]}}],"collection":[{"href":"https:\/\/untuna.pe\/index.php?rest_route=\/wp\/v2\/product"}],"about":[{"href":"https:\/\/untuna.pe\/index.php?rest_route=\/wp\/v2\/types\/product"}],"wp:featuredmedia":[{"embeddable":true,"href":"https:\/\/untuna.pe\/index.php?rest_route=\/wp\/v2\/media\/2815"}],"wp:attachment":[{"href":"https:\/\/untuna.pe\/index.php?rest_route=%2Fwp%2Fv2%2Fmedia&parent=1125"}],"wp:term":[{"taxonomy":"product_brand","embeddable":true,"href":"https:\/\/untuna.pe\/index.php?rest_route=%2Fwp%2Fv2%2Fproduct_brand&post=1125"},{"taxonomy":"product_cat","embeddable":true,"href":"https:\/\/untuna.pe\/index.php?rest_route=%2Fwp%2Fv2%2Fproduct_cat&post=1125"},{"taxonomy":"product_tag","embeddable":true,"href":"https:\/\/untuna.pe\/index.php?rest_route=%2Fwp%2Fv2%2Fproduct_tag&post=1125"}],"curies":[{"name":"wp","href":"https:\/\/api.w.org\/{rel}","templated":true}]}}