{"id":1122,"date":"2022-01-26T19:39:33","date_gmt":"2022-01-27T00:39:33","guid":{"rendered":"https:\/\/untuna.pe\/?post_type=product&#038;p=1122"},"modified":"2026-02-18T08:42:40","modified_gmt":"2026-02-18T13:42:40","slug":"canticuentos-el-monito-roque-rocas","status":"publish","type":"product","link":"https:\/\/untuna.pe\/?product=canticuentos-el-monito-roque-rocas","title":{"rendered":"Canticuentos El Monito Roque Rocas"},"content":{"rendered":"<p>Roque era un monito que siempre estaba alborotado y dejaba sus juguetes por todos lados. Su mam\u00e1 siempre le dec\u00eda que deb\u00eda ordenar sus juguetes, pero no hac\u00eda caso. Un d\u00eda, busc\u00f3 su carro preferido y no lo pudo encontrar; finalmente, entendi\u00f3 que poner todo en orden es lo mejor.<\/p>\n","protected":false},"excerpt":{"rendered":"<p>Roque era un monito que siempre estaba alborotado y dejaba sus juguetes por todos lados. Su mam\u00e1 siempre le dec\u00eda que deb\u00eda ordenar sus juguetes, pero no hac\u00eda caso. Un d\u00eda, busc\u00f3 su carro preferido y no lo pudo encontrar; finalmente, entendi\u00f3 que poner todo en orden es lo mejor.<\/p>\n","protected":false},"featured_media":2813,"template":"","meta":[],"product_brand":[],"product_cat":[266],"product_tag":[],"class_list":{"0":"post-1122","1":"product","2":"type-product","3":"status-publish","4":"has-post-thumbnail","6":"product_cat-canticuentos","8":"first","9":"instock","10":"taxable","11":"shipping-taxable","12":"purchasable","13":"product-type-simple"},"_links":{"self":[{"href":"https:\/\/untuna.pe\/index.php?rest_route=\/wp\/v2\/product\/1122","targetHints":{"allow":["GET"]}}],"collection":[{"href":"https:\/\/untuna.pe\/index.php?rest_route=\/wp\/v2\/product"}],"about":[{"href":"https:\/\/untuna.pe\/index.php?rest_route=\/wp\/v2\/types\/product"}],"wp:featuredmedia":[{"embeddable":true,"href":"https:\/\/untuna.pe\/index.php?rest_route=\/wp\/v2\/media\/2813"}],"wp:attachment":[{"href":"https:\/\/untuna.pe\/index.php?rest_route=%2Fwp%2Fv2%2Fmedia&parent=1122"}],"wp:term":[{"taxonomy":"product_brand","embeddable":true,"href":"https:\/\/untuna.pe\/index.php?rest_route=%2Fwp%2Fv2%2Fproduct_brand&post=1122"},{"taxonomy":"product_cat","embeddable":true,"href":"https:\/\/untuna.pe\/index.php?rest_route=%2Fwp%2Fv2%2Fproduct_cat&post=1122"},{"taxonomy":"product_tag","embeddable":true,"href":"https:\/\/untuna.pe\/index.php?rest_route=%2Fwp%2Fv2%2Fproduct_tag&post=1122"}],"curies":[{"name":"wp","href":"https:\/\/api.w.org\/{rel}","templated":true}]}}