{"id":1116,"date":"2022-01-26T19:35:02","date_gmt":"2022-01-27T00:35:02","guid":{"rendered":"https:\/\/untuna.pe\/?post_type=product&#038;p=1116"},"modified":"2026-02-18T08:42:45","modified_gmt":"2026-02-18T13:42:45","slug":"ecosistema-6-ciencia-y-ambiente","status":"publish","type":"product","link":"https:\/\/untuna.pe\/?product=ecosistema-6-ciencia-y-ambiente","title":{"rendered":"Ecosistema 6 Ciencia y Ambiente"},"content":{"rendered":"<p><span style=\"font-weight: 400;\">Libro de actividades de \u00e1reas integradas de Ciencia y Ambiente y Personal Social. Desarrolla la observaci\u00f3n, las descripciones, los experimentos y las aplicaciones que promueven un pensamiento cient\u00edfico a trav\u00e9s de todo su entorno natural y social.<\/span><\/p>\n","protected":false},"excerpt":{"rendered":"<p>Libro de actividades de \u00e1reas integradas de Ciencia y Ambiente y Personal Social. Desarrolla la observaci\u00f3n, las descripciones, los experimentos y las aplicaciones que promueven un pensamiento cient\u00edfico a trav\u00e9s de todo su entorno natural y social.<\/p>\n","protected":false},"featured_media":2809,"template":"","meta":[],"product_brand":[],"product_cat":[265],"product_tag":[],"class_list":{"0":"post-1116","1":"product","2":"type-product","3":"status-publish","4":"has-post-thumbnail","6":"product_cat-ecosistema","8":"first","9":"instock","10":"taxable","11":"shipping-taxable","12":"purchasable","13":"product-type-simple"},"_links":{"self":[{"href":"https:\/\/untuna.pe\/index.php?rest_route=\/wp\/v2\/product\/1116","targetHints":{"allow":["GET"]}}],"collection":[{"href":"https:\/\/untuna.pe\/index.php?rest_route=\/wp\/v2\/product"}],"about":[{"href":"https:\/\/untuna.pe\/index.php?rest_route=\/wp\/v2\/types\/product"}],"wp:featuredmedia":[{"embeddable":true,"href":"https:\/\/untuna.pe\/index.php?rest_route=\/wp\/v2\/media\/2809"}],"wp:attachment":[{"href":"https:\/\/untuna.pe\/index.php?rest_route=%2Fwp%2Fv2%2Fmedia&parent=1116"}],"wp:term":[{"taxonomy":"product_brand","embeddable":true,"href":"https:\/\/untuna.pe\/index.php?rest_route=%2Fwp%2Fv2%2Fproduct_brand&post=1116"},{"taxonomy":"product_cat","embeddable":true,"href":"https:\/\/untuna.pe\/index.php?rest_route=%2Fwp%2Fv2%2Fproduct_cat&post=1116"},{"taxonomy":"product_tag","embeddable":true,"href":"https:\/\/untuna.pe\/index.php?rest_route=%2Fwp%2Fv2%2Fproduct_tag&post=1116"}],"curies":[{"name":"wp","href":"https:\/\/api.w.org\/{rel}","templated":true}]}}