{"id":1099,"date":"2022-01-26T19:28:37","date_gmt":"2022-01-27T00:28:37","guid":{"rendered":"https:\/\/untuna.pe\/?post_type=product&#038;p=1099"},"modified":"2026-02-18T08:43:34","modified_gmt":"2026-02-18T13:43:34","slug":"compufacil-2do-grado","status":"publish","type":"product","link":"https:\/\/untuna.pe\/?product=compufacil-2do-grado","title":{"rendered":"Compuf\u00e1cil 2do grado"},"content":{"rendered":"<p><span style=\"font-weight: 400;\">Busca introducir progresivamente a los estudiantes en el apasionante y \u00fatil mundo del procesamiento autom\u00e1tico de datos, desarrollando las capacidades de los ni\u00f1os y las ni\u00f1as para el uso de la tecnolog\u00eda de la informaci\u00f3n (TIC), que es una demanda de la sociedad moderna.<\/span><\/p>\n","protected":false},"excerpt":{"rendered":"<p>Busca introducir progresivamente a los estudiantes en el apasionante y \u00fatil mundo del procesamiento autom\u00e1tico de datos, desarrollando las capacidades de los ni\u00f1os y las ni\u00f1as para el uso de la tecnolog\u00eda de la informaci\u00f3n (TIC), que es una demanda de la sociedad moderna.<\/p>\n","protected":false},"featured_media":1104,"template":"","meta":[],"product_brand":[],"product_cat":[264],"product_tag":[],"class_list":{"0":"post-1099","1":"product","2":"type-product","3":"status-publish","4":"has-post-thumbnail","6":"product_cat-compumas","8":"first","9":"instock","10":"taxable","11":"shipping-taxable","12":"purchasable","13":"product-type-simple"},"_links":{"self":[{"href":"https:\/\/untuna.pe\/index.php?rest_route=\/wp\/v2\/product\/1099","targetHints":{"allow":["GET"]}}],"collection":[{"href":"https:\/\/untuna.pe\/index.php?rest_route=\/wp\/v2\/product"}],"about":[{"href":"https:\/\/untuna.pe\/index.php?rest_route=\/wp\/v2\/types\/product"}],"wp:featuredmedia":[{"embeddable":true,"href":"https:\/\/untuna.pe\/index.php?rest_route=\/wp\/v2\/media\/1104"}],"wp:attachment":[{"href":"https:\/\/untuna.pe\/index.php?rest_route=%2Fwp%2Fv2%2Fmedia&parent=1099"}],"wp:term":[{"taxonomy":"product_brand","embeddable":true,"href":"https:\/\/untuna.pe\/index.php?rest_route=%2Fwp%2Fv2%2Fproduct_brand&post=1099"},{"taxonomy":"product_cat","embeddable":true,"href":"https:\/\/untuna.pe\/index.php?rest_route=%2Fwp%2Fv2%2Fproduct_cat&post=1099"},{"taxonomy":"product_tag","embeddable":true,"href":"https:\/\/untuna.pe\/index.php?rest_route=%2Fwp%2Fv2%2Fproduct_tag&post=1099"}],"curies":[{"name":"wp","href":"https:\/\/api.w.org\/{rel}","templated":true}]}}