{"id":1075,"date":"2022-01-26T19:11:06","date_gmt":"2022-01-27T00:11:06","guid":{"rendered":"https:\/\/untuna.pe\/?post_type=product&#038;p=1075"},"modified":"2026-02-18T08:44:17","modified_gmt":"2026-02-18T13:44:17","slug":"gimnasia-mental-6-primaria-razonamiento-matematico","status":"publish","type":"product","link":"https:\/\/untuna.pe\/?product=gimnasia-mental-6-primaria-razonamiento-matematico","title":{"rendered":"Gimnasia Mental 6\u00b0, primaria: razonamiento matem\u00e1tico"},"content":{"rendered":"<p><span style=\"font-weight: 400;\">Cuaderno de trabajo con ejercicios pr\u00e1cticos, como conteo de figuras, relaciones gr\u00e1ficas, criptoaritm\u00e9tica, operadores, cuadrado m\u00e1gico y olimpiadas matem\u00e1ticas, que buscan estimular la construcci\u00f3n del pensamiento reflexivo, estrat\u00e9gico, aut\u00f3nomo y contextualizado.<\/span><\/p>\n","protected":false},"excerpt":{"rendered":"<p>Cuaderno de trabajo con ejercicios pr\u00e1cticos, como conteo de figuras, relaciones gr\u00e1ficas, criptoaritm\u00e9tica, operadores, cuadrado m\u00e1gico y olimpiadas matem\u00e1ticas, que buscan estimular la construcci\u00f3n del pensamiento reflexivo, estrat\u00e9gico, aut\u00f3nomo y contextualizado.<\/p>\n","protected":false},"featured_media":2803,"template":"","meta":[],"product_brand":[],"product_cat":[262],"product_tag":[],"class_list":{"0":"post-1075","1":"product","2":"type-product","3":"status-publish","4":"has-post-thumbnail","6":"product_cat-plan-lector","8":"first","9":"instock","10":"taxable","11":"shipping-taxable","12":"purchasable","13":"product-type-simple"},"_links":{"self":[{"href":"https:\/\/untuna.pe\/index.php?rest_route=\/wp\/v2\/product\/1075","targetHints":{"allow":["GET"]}}],"collection":[{"href":"https:\/\/untuna.pe\/index.php?rest_route=\/wp\/v2\/product"}],"about":[{"href":"https:\/\/untuna.pe\/index.php?rest_route=\/wp\/v2\/types\/product"}],"wp:featuredmedia":[{"embeddable":true,"href":"https:\/\/untuna.pe\/index.php?rest_route=\/wp\/v2\/media\/2803"}],"wp:attachment":[{"href":"https:\/\/untuna.pe\/index.php?rest_route=%2Fwp%2Fv2%2Fmedia&parent=1075"}],"wp:term":[{"taxonomy":"product_brand","embeddable":true,"href":"https:\/\/untuna.pe\/index.php?rest_route=%2Fwp%2Fv2%2Fproduct_brand&post=1075"},{"taxonomy":"product_cat","embeddable":true,"href":"https:\/\/untuna.pe\/index.php?rest_route=%2Fwp%2Fv2%2Fproduct_cat&post=1075"},{"taxonomy":"product_tag","embeddable":true,"href":"https:\/\/untuna.pe\/index.php?rest_route=%2Fwp%2Fv2%2Fproduct_tag&post=1075"}],"curies":[{"name":"wp","href":"https:\/\/api.w.org\/{rel}","templated":true}]}}