{"id":1069,"date":"2022-01-26T19:03:52","date_gmt":"2022-01-27T00:03:52","guid":{"rendered":"https:\/\/untuna.pe\/?post_type=product&#038;p=1069"},"modified":"2026-02-18T08:44:41","modified_gmt":"2026-02-18T13:44:41","slug":"gimnasia-mental-1-primaria-razonamiento-matematico","status":"publish","type":"product","link":"https:\/\/untuna.pe\/?product=gimnasia-mental-1-primaria-razonamiento-matematico","title":{"rendered":"Gimnasia Mental 1\u00b0, primaria: razonamiento matem\u00e1tico"},"content":{"rendered":"<p>Cuaderno para desarrollar ejercicios pr\u00e1cticos, estimular la construcci\u00f3n de su pensamiento reflexivo, estrat\u00e9gico y aut\u00f3nomo y contextualizado; consta de 10 m\u00f3dulos: sucesi\u00f3n, conteo de figuras, relaciones gr\u00e1ficas, criptoaritm\u00e9tica, operadores, cuadrado m\u00e1gico, olimpiadas matem\u00e1ticas.<\/p>\n","protected":false},"excerpt":{"rendered":"<p>Cuaderno para desarrollar ejercicios pr\u00e1cticos, estimular la construcci\u00f3n de su pensamiento reflexivo, estrat\u00e9gico y aut\u00f3nomo y contextualizado; consta de 10 m\u00f3dulos: sucesi\u00f3n, conteo de figuras, relaciones gr\u00e1ficas, criptoaritm\u00e9tica, operadores, cuadrado m\u00e1gico, olimpiadas matem\u00e1ticas.<\/p>\n","protected":false},"featured_media":2798,"template":"","meta":[],"product_brand":[],"product_cat":[262],"product_tag":[],"class_list":{"0":"post-1069","1":"product","2":"type-product","3":"status-publish","4":"has-post-thumbnail","6":"product_cat-plan-lector","8":"first","9":"instock","10":"taxable","11":"shipping-taxable","12":"purchasable","13":"product-type-simple"},"_links":{"self":[{"href":"https:\/\/untuna.pe\/index.php?rest_route=\/wp\/v2\/product\/1069","targetHints":{"allow":["GET"]}}],"collection":[{"href":"https:\/\/untuna.pe\/index.php?rest_route=\/wp\/v2\/product"}],"about":[{"href":"https:\/\/untuna.pe\/index.php?rest_route=\/wp\/v2\/types\/product"}],"wp:featuredmedia":[{"embeddable":true,"href":"https:\/\/untuna.pe\/index.php?rest_route=\/wp\/v2\/media\/2798"}],"wp:attachment":[{"href":"https:\/\/untuna.pe\/index.php?rest_route=%2Fwp%2Fv2%2Fmedia&parent=1069"}],"wp:term":[{"taxonomy":"product_brand","embeddable":true,"href":"https:\/\/untuna.pe\/index.php?rest_route=%2Fwp%2Fv2%2Fproduct_brand&post=1069"},{"taxonomy":"product_cat","embeddable":true,"href":"https:\/\/untuna.pe\/index.php?rest_route=%2Fwp%2Fv2%2Fproduct_cat&post=1069"},{"taxonomy":"product_tag","embeddable":true,"href":"https:\/\/untuna.pe\/index.php?rest_route=%2Fwp%2Fv2%2Fproduct_tag&post=1069"}],"curies":[{"name":"wp","href":"https:\/\/api.w.org\/{rel}","templated":true}]}}