{"id":1065,"date":"2022-01-26T18:54:23","date_gmt":"2022-01-26T23:54:23","guid":{"rendered":"https:\/\/untuna.pe\/?post_type=product&#038;p=1065"},"modified":"2026-02-18T08:44:45","modified_gmt":"2026-02-18T13:44:45","slug":"nuevo-lectorcito-6-comprension-de-lectura-razonamiento-verbal","status":"publish","type":"product","link":"https:\/\/untuna.pe\/?product=nuevo-lectorcito-6-comprension-de-lectura-razonamiento-verbal","title":{"rendered":"Nuevo lectorcito 6 comprensi\u00f3n de lectura, razonamiento verbal"},"content":{"rendered":"<p><span style=\"font-weight: 400;\">Presenta diversos tipos de textos que desarrollar\u00e1n en el estudiante el h\u00e1bito de la lectura y le proporcionar\u00e1 herramientas para lograr una correcta comprensi\u00f3n lectora. Cada texto es una lectura independiente y de acuerdo con los intereses de cada grado escolar.<\/span><\/p>\n","protected":false},"excerpt":{"rendered":"<p>Presenta diversos tipos de textos que desarrollar\u00e1n en el estudiante el h\u00e1bito de la lectura y le proporcionar\u00e1 herramientas para lograr una correcta comprensi\u00f3n lectora. Cada texto es una lectura independiente y de acuerdo con los intereses de cada grado escolar.<\/p>\n","protected":false},"featured_media":2785,"template":"","meta":[],"product_brand":[],"product_cat":[261],"product_tag":[],"class_list":{"0":"post-1065","1":"product","2":"type-product","3":"status-publish","4":"has-post-thumbnail","6":"product_cat-lectorcito","8":"first","9":"instock","10":"taxable","11":"shipping-taxable","12":"purchasable","13":"product-type-simple"},"_links":{"self":[{"href":"https:\/\/untuna.pe\/index.php?rest_route=\/wp\/v2\/product\/1065","targetHints":{"allow":["GET"]}}],"collection":[{"href":"https:\/\/untuna.pe\/index.php?rest_route=\/wp\/v2\/product"}],"about":[{"href":"https:\/\/untuna.pe\/index.php?rest_route=\/wp\/v2\/types\/product"}],"wp:featuredmedia":[{"embeddable":true,"href":"https:\/\/untuna.pe\/index.php?rest_route=\/wp\/v2\/media\/2785"}],"wp:attachment":[{"href":"https:\/\/untuna.pe\/index.php?rest_route=%2Fwp%2Fv2%2Fmedia&parent=1065"}],"wp:term":[{"taxonomy":"product_brand","embeddable":true,"href":"https:\/\/untuna.pe\/index.php?rest_route=%2Fwp%2Fv2%2Fproduct_brand&post=1065"},{"taxonomy":"product_cat","embeddable":true,"href":"https:\/\/untuna.pe\/index.php?rest_route=%2Fwp%2Fv2%2Fproduct_cat&post=1065"},{"taxonomy":"product_tag","embeddable":true,"href":"https:\/\/untuna.pe\/index.php?rest_route=%2Fwp%2Fv2%2Fproduct_tag&post=1065"}],"curies":[{"name":"wp","href":"https:\/\/api.w.org\/{rel}","templated":true}]}}