{"id":1008,"date":"2022-01-20T00:10:31","date_gmt":"2022-01-20T05:10:31","guid":{"rendered":"https:\/\/untuna.pe\/?post_type=product&#038;p=1008"},"modified":"2026-02-18T08:46:04","modified_gmt":"2026-02-18T13:46:04","slug":"chiquitines-5anospqte-9-titulos","status":"publish","type":"product","link":"https:\/\/untuna.pe\/?product=chiquitines-5anospqte-9-titulos","title":{"rendered":"CHIQUITINES 5 A\u00d1OS PQTE. 9 T\u00cdTULOS"},"content":{"rendered":"<p><strong>Kit de materiales para el estudiante<\/strong><\/p>\n<ul>\n<li>Nuevo Chiquitines Material L\u00fadico<\/li>\n<li>Nuevo Chiquitines Valores<\/li>\n<li>Nuevo Chiquitines Computaci\u00f3n<\/li>\n<li>Nuevo Chiquitines Razonamiento Matem\u00e1tico y Verbal<\/li>\n<li>Nuevo Chiquitines Comunicaci\u00f3n, Personal Social y Lista de Cotejo<\/li>\n<li>Nuevo Chiquitines Grafomotricidad y Lectoescritura<\/li>\n<li>Nuevo Chiquitines Matem\u00e1tica, Ciencia y Tecnolog\u00eda<\/li>\n<li>Nuevo Chiquitines Ingl\u00e9s<\/li>\n<\/ul>\n","protected":false},"excerpt":{"rendered":"<p>Kit de materiales para el estudiante Nuevo Chiquitines Material L\u00fadico Nuevo Chiquitines Valores Nuevo Chiquitines Computaci\u00f3n Nuevo Chiquitines Razonamiento Matem\u00e1tico y Verbal Nuevo Chiquitines Comunicaci\u00f3n, Personal Social y Lista de Cotejo Nuevo Chiquitines Grafomotricidad y Lectoescritura Nuevo Chiquitines Matem\u00e1tica, Ciencia y Tecnolog\u00eda Nuevo Chiquitines Ingl\u00e9s<\/p>\n","protected":false},"featured_media":2739,"template":"","meta":[],"product_brand":[],"product_cat":[260],"product_tag":[],"class_list":{"0":"post-1008","1":"product","2":"type-product","3":"status-publish","4":"has-post-thumbnail","6":"product_cat-combos","8":"first","9":"instock","10":"taxable","11":"shipping-taxable","12":"purchasable","13":"product-type-simple"},"_links":{"self":[{"href":"https:\/\/untuna.pe\/index.php?rest_route=\/wp\/v2\/product\/1008","targetHints":{"allow":["GET"]}}],"collection":[{"href":"https:\/\/untuna.pe\/index.php?rest_route=\/wp\/v2\/product"}],"about":[{"href":"https:\/\/untuna.pe\/index.php?rest_route=\/wp\/v2\/types\/product"}],"wp:featuredmedia":[{"embeddable":true,"href":"https:\/\/untuna.pe\/index.php?rest_route=\/wp\/v2\/media\/2739"}],"wp:attachment":[{"href":"https:\/\/untuna.pe\/index.php?rest_route=%2Fwp%2Fv2%2Fmedia&parent=1008"}],"wp:term":[{"taxonomy":"product_brand","embeddable":true,"href":"https:\/\/untuna.pe\/index.php?rest_route=%2Fwp%2Fv2%2Fproduct_brand&post=1008"},{"taxonomy":"product_cat","embeddable":true,"href":"https:\/\/untuna.pe\/index.php?rest_route=%2Fwp%2Fv2%2Fproduct_cat&post=1008"},{"taxonomy":"product_tag","embeddable":true,"href":"https:\/\/untuna.pe\/index.php?rest_route=%2Fwp%2Fv2%2Fproduct_tag&post=1008"}],"curies":[{"name":"wp","href":"https:\/\/api.w.org\/{rel}","templated":true}]}}